{"id":3061,"date":"2024-06-10T07:31:15","date_gmt":"2024-06-10T05:31:15","guid":{"rendered":"https:\/\/faasn.com\/?product=robe-sans-masse-wax"},"modified":"2024-06-17T14:21:08","modified_gmt":"2024-06-17T12:21:08","slug":"robe-sans-masse-wax","status":"publish","type":"product","link":"https:\/\/faasn.com\/?product=robe-sans-masse-wax","title":{"rendered":"Robe sans masse wax"},"content":{"rendered":"","protected":false},"excerpt":{"rendered":"<p>\u2705 Fabriqu\u00e9 au S\u00e9n\u00e9gal<\/p>\n<p>\u2705 Disponible sur place \u00e0 Sandaga<\/p>\n<p>\u2705 Livraison dans toute la r\u00e9gion<\/p>\n<p>\u2705 Commande a 78 875 66 59<\/p>\n","protected":false},"featured_media":2954,"comment_status":"open","ping_status":"closed","template":"","meta":[],"etheme_brands":[],"product_brand":[],"product_cat":[88,80],"product_tag":[],"class_list":{"0":"post-3061","1":"product","2":"type-product","3":"status-publish","4":"has-post-thumbnail","6":"product_cat-enfant","7":"product_cat-mode","9":"first","10":"instock","11":"shipping-taxable","12":"purchasable","13":"product-type-simple"},"_links":{"self":[{"href":"https:\/\/faasn.com\/index.php?rest_route=\/wp\/v2\/product\/3061","targetHints":{"allow":["GET"]}}],"collection":[{"href":"https:\/\/faasn.com\/index.php?rest_route=\/wp\/v2\/product"}],"about":[{"href":"https:\/\/faasn.com\/index.php?rest_route=\/wp\/v2\/types\/product"}],"replies":[{"embeddable":true,"href":"https:\/\/faasn.com\/index.php?rest_route=%2Fwp%2Fv2%2Fcomments&post=3061"}],"version-history":[{"count":1,"href":"https:\/\/faasn.com\/index.php?rest_route=\/wp\/v2\/product\/3061\/revisions"}],"predecessor-version":[{"id":3379,"href":"https:\/\/faasn.com\/index.php?rest_route=\/wp\/v2\/product\/3061\/revisions\/3379"}],"wp:featuredmedia":[{"embeddable":true,"href":"https:\/\/faasn.com\/index.php?rest_route=\/wp\/v2\/media\/2954"}],"wp:attachment":[{"href":"https:\/\/faasn.com\/index.php?rest_route=%2Fwp%2Fv2%2Fmedia&parent=3061"}],"wp:term":[{"taxonomy":"brand","embeddable":true,"href":"https:\/\/faasn.com\/index.php?rest_route=%2Fwp%2Fv2%2Fetheme_brands&post=3061"},{"taxonomy":"product_brand","embeddable":true,"href":"https:\/\/faasn.com\/index.php?rest_route=%2Fwp%2Fv2%2Fproduct_brand&post=3061"},{"taxonomy":"product_cat","embeddable":true,"href":"https:\/\/faasn.com\/index.php?rest_route=%2Fwp%2Fv2%2Fproduct_cat&post=3061"},{"taxonomy":"product_tag","embeddable":true,"href":"https:\/\/faasn.com\/index.php?rest_route=%2Fwp%2Fv2%2Fproduct_tag&post=3061"}],"curies":[{"name":"wp","href":"https:\/\/api.w.org\/{rel}","templated":true}]}}