{"id":3037,"date":"2024-06-10T07:30:06","date_gmt":"2024-06-10T05:30:06","guid":{"rendered":"https:\/\/faasn.com\/?product=sapo-sac-rafia"},"modified":"2024-06-17T14:19:55","modified_gmt":"2024-06-17T12:19:55","slug":"sapo-sac-rafia","status":"publish","type":"product","link":"https:\/\/faasn.com\/?product=sapo-sac-rafia","title":{"rendered":"Sapo Sac Rafia"},"content":{"rendered":"","protected":false},"excerpt":{"rendered":"<p>\u2705 Fabriqu\u00e9 au S\u00e9n\u00e9gal<\/p>\n<p>\u2705 Disponible sur place \u00e0 Sandaga<\/p>\n<p>\u2705 Livraison dans toute la r\u00e9gion<\/p>\n<p>\u2705 Commande a 78 875 66 59<\/p>\n","protected":false},"featured_media":2891,"comment_status":"open","ping_status":"closed","template":"","meta":[],"etheme_brands":[],"product_brand":[],"product_cat":[86,80],"product_tag":[],"class_list":{"0":"post-3037","1":"product","2":"type-product","3":"status-publish","4":"has-post-thumbnail","6":"product_cat-femme","7":"product_cat-mode","9":"first","10":"instock","11":"shipping-taxable","12":"product-type-simple"},"_links":{"self":[{"href":"https:\/\/faasn.com\/index.php?rest_route=\/wp\/v2\/product\/3037","targetHints":{"allow":["GET"]}}],"collection":[{"href":"https:\/\/faasn.com\/index.php?rest_route=\/wp\/v2\/product"}],"about":[{"href":"https:\/\/faasn.com\/index.php?rest_route=\/wp\/v2\/types\/product"}],"replies":[{"embeddable":true,"href":"https:\/\/faasn.com\/index.php?rest_route=%2Fwp%2Fv2%2Fcomments&post=3037"}],"version-history":[{"count":1,"href":"https:\/\/faasn.com\/index.php?rest_route=\/wp\/v2\/product\/3037\/revisions"}],"predecessor-version":[{"id":3354,"href":"https:\/\/faasn.com\/index.php?rest_route=\/wp\/v2\/product\/3037\/revisions\/3354"}],"wp:featuredmedia":[{"embeddable":true,"href":"https:\/\/faasn.com\/index.php?rest_route=\/wp\/v2\/media\/2891"}],"wp:attachment":[{"href":"https:\/\/faasn.com\/index.php?rest_route=%2Fwp%2Fv2%2Fmedia&parent=3037"}],"wp:term":[{"taxonomy":"brand","embeddable":true,"href":"https:\/\/faasn.com\/index.php?rest_route=%2Fwp%2Fv2%2Fetheme_brands&post=3037"},{"taxonomy":"product_brand","embeddable":true,"href":"https:\/\/faasn.com\/index.php?rest_route=%2Fwp%2Fv2%2Fproduct_brand&post=3037"},{"taxonomy":"product_cat","embeddable":true,"href":"https:\/\/faasn.com\/index.php?rest_route=%2Fwp%2Fv2%2Fproduct_cat&post=3037"},{"taxonomy":"product_tag","embeddable":true,"href":"https:\/\/faasn.com\/index.php?rest_route=%2Fwp%2Fv2%2Fproduct_tag&post=3037"}],"curies":[{"name":"wp","href":"https:\/\/api.w.org\/{rel}","templated":true}]}}