{"id":3023,"date":"2024-06-10T07:29:40","date_gmt":"2024-06-10T05:29:40","guid":{"rendered":"https:\/\/faasn.com\/?product=sandale-cuir-senegal"},"modified":"2024-06-17T14:19:17","modified_gmt":"2024-06-17T12:19:17","slug":"sandale-cuir-senegal","status":"publish","type":"product","link":"https:\/\/faasn.com\/?product=sandale-cuir-senegal","title":{"rendered":"Sandale cuir senegal"},"content":{"rendered":"","protected":false},"excerpt":{"rendered":"<p>\u2705 Fabriqu\u00e9 au S\u00e9n\u00e9gal<\/p>\n<p>\u2705 Disponible sur place \u00e0 Sandaga<\/p>\n<p>\u2705 Livraison dans toute la r\u00e9gion<\/p>\n<p>\u2705 Commande a 78 875 66 59<\/p>\n","protected":false},"featured_media":2890,"comment_status":"open","ping_status":"closed","template":"","meta":[],"etheme_brands":[],"product_brand":[],"product_cat":[86,80],"product_tag":[],"class_list":{"0":"post-3023","1":"product","2":"type-product","3":"status-publish","4":"has-post-thumbnail","6":"product_cat-femme","7":"product_cat-mode","9":"first","10":"instock","11":"shipping-taxable","12":"purchasable","13":"product-type-simple"},"_links":{"self":[{"href":"https:\/\/faasn.com\/index.php?rest_route=\/wp\/v2\/product\/3023","targetHints":{"allow":["GET"]}}],"collection":[{"href":"https:\/\/faasn.com\/index.php?rest_route=\/wp\/v2\/product"}],"about":[{"href":"https:\/\/faasn.com\/index.php?rest_route=\/wp\/v2\/types\/product"}],"replies":[{"embeddable":true,"href":"https:\/\/faasn.com\/index.php?rest_route=%2Fwp%2Fv2%2Fcomments&post=3023"}],"version-history":[{"count":1,"href":"https:\/\/faasn.com\/index.php?rest_route=\/wp\/v2\/product\/3023\/revisions"}],"predecessor-version":[{"id":3340,"href":"https:\/\/faasn.com\/index.php?rest_route=\/wp\/v2\/product\/3023\/revisions\/3340"}],"wp:featuredmedia":[{"embeddable":true,"href":"https:\/\/faasn.com\/index.php?rest_route=\/wp\/v2\/media\/2890"}],"wp:attachment":[{"href":"https:\/\/faasn.com\/index.php?rest_route=%2Fwp%2Fv2%2Fmedia&parent=3023"}],"wp:term":[{"taxonomy":"brand","embeddable":true,"href":"https:\/\/faasn.com\/index.php?rest_route=%2Fwp%2Fv2%2Fetheme_brands&post=3023"},{"taxonomy":"product_brand","embeddable":true,"href":"https:\/\/faasn.com\/index.php?rest_route=%2Fwp%2Fv2%2Fproduct_brand&post=3023"},{"taxonomy":"product_cat","embeddable":true,"href":"https:\/\/faasn.com\/index.php?rest_route=%2Fwp%2Fv2%2Fproduct_cat&post=3023"},{"taxonomy":"product_tag","embeddable":true,"href":"https:\/\/faasn.com\/index.php?rest_route=%2Fwp%2Fv2%2Fproduct_tag&post=3023"}],"curies":[{"name":"wp","href":"https:\/\/api.w.org\/{rel}","templated":true}]}}